{"id":13,"date":"2024-02-18T22:08:18","date_gmt":"2024-02-18T22:08:18","guid":{"rendered":"https:\/\/olliefans.no\/?page_id=13"},"modified":"2024-02-22T12:56:05","modified_gmt":"2024-02-22T12:56:05","slug":"innlegg","status":"publish","type":"page","link":"https:\/\/olliefans.no\/?page_id=13","title":{"rendered":"Innlegg"},"content":{"rendered":"\n<h2 class=\"wp-block-heading\">En bil ved navn Ollie!<\/h2>\n\n\n\n<p>Leting, tur til \u00c5lesund og en strabasi\u00f8s kj\u00f8retur hjem!<\/p>\n\n\n\n<figure class=\"wp-block-image size-large\"><img fetchpriority=\"high\" decoding=\"async\" width=\"1024\" height=\"894\" src=\"https:\/\/olliefans.no\/wp-content\/uploads\/2024\/02\/Edited-ollie.MP_-1024x894.jpg\" alt=\"\" class=\"wp-image-32\" srcset=\"https:\/\/olliefans.no\/wp-content\/uploads\/2024\/02\/Edited-ollie.MP_-1024x894.jpg 1024w, https:\/\/olliefans.no\/wp-content\/uploads\/2024\/02\/Edited-ollie.MP_-300x262.jpg 300w, https:\/\/olliefans.no\/wp-content\/uploads\/2024\/02\/Edited-ollie.MP_-768x670.jpg 768w, https:\/\/olliefans.no\/wp-content\/uploads\/2024\/02\/Edited-ollie.MP_.jpg 1512w\" sizes=\"(max-width: 1024px) 100vw, 1024px\" \/><\/figure>\n","protected":false},"excerpt":{"rendered":"<p>En bil ved navn Ollie! Leting, tur til \u00c5lesund og en strabasi\u00f8s kj\u00f8retur hjem!<\/p>\n","protected":false},"author":1,"featured_media":0,"parent":0,"menu_order":0,"comment_status":"closed","ping_status":"closed","template":"","meta":{"footnotes":""},"class_list":["post-13","page","type-page","status-publish","hentry"],"_links":{"self":[{"href":"https:\/\/olliefans.no\/index.php?rest_route=\/wp\/v2\/pages\/13","targetHints":{"allow":["GET"]}}],"collection":[{"href":"https:\/\/olliefans.no\/index.php?rest_route=\/wp\/v2\/pages"}],"about":[{"href":"https:\/\/olliefans.no\/index.php?rest_route=\/wp\/v2\/types\/page"}],"author":[{"embeddable":true,"href":"https:\/\/olliefans.no\/index.php?rest_route=\/wp\/v2\/users\/1"}],"replies":[{"embeddable":true,"href":"https:\/\/olliefans.no\/index.php?rest_route=%2Fwp%2Fv2%2Fcomments&post=13"}],"version-history":[{"count":2,"href":"https:\/\/olliefans.no\/index.php?rest_route=\/wp\/v2\/pages\/13\/revisions"}],"predecessor-version":[{"id":33,"href":"https:\/\/olliefans.no\/index.php?rest_route=\/wp\/v2\/pages\/13\/revisions\/33"}],"wp:attachment":[{"href":"https:\/\/olliefans.no\/index.php?rest_route=%2Fwp%2Fv2%2Fmedia&parent=13"}],"curies":[{"name":"wp","href":"https:\/\/api.w.org\/{rel}","templated":true}]}}