{"id":10,"date":"2024-02-18T22:08:18","date_gmt":"2024-02-18T22:08:18","guid":{"rendered":"https:\/\/olliefans.no\/?page_id=10"},"modified":"2024-10-07T20:37:10","modified_gmt":"2024-10-07T20:37:10","slug":"prosjektet","status":"publish","type":"page","link":"https:\/\/olliefans.no\/?page_id=10","title":{"rendered":"Prosjektet"},"content":{"rendered":"\t\t<div data-elementor-type=\"wp-page\" data-elementor-id=\"10\" class=\"elementor elementor-10\">\n\t\t\t\t<div class=\"elementor-element elementor-element-bfdc7f3 e-flex e-con-boxed e-con e-parent\" data-id=\"bfdc7f3\" data-element_type=\"container\">\n\t\t\t\t\t<div class=\"e-con-inner\">\n\t\t\t\t<div class=\"elementor-element elementor-element-769deb80 elementor-widget elementor-widget-text-editor\" data-id=\"769deb80\" data-element_type=\"widget\" data-widget_type=\"text-editor.default\">\n\t\t\t\t<div class=\"elementor-widget-container\">\n\t\t\t<style>\/*! elementor - v3.23.0 - 05-08-2024 *\/\n.elementor-widget-text-editor.elementor-drop-cap-view-stacked .elementor-drop-cap{background-color:#69727d;color:#fff}.elementor-widget-text-editor.elementor-drop-cap-view-framed .elementor-drop-cap{color:#69727d;border:3px solid;background-color:transparent}.elementor-widget-text-editor:not(.elementor-drop-cap-view-default) .elementor-drop-cap{margin-top:8px}.elementor-widget-text-editor:not(.elementor-drop-cap-view-default) .elementor-drop-cap-letter{width:1em;height:1em}.elementor-widget-text-editor .elementor-drop-cap{float:left;text-align:center;line-height:1;font-size:50px}.elementor-widget-text-editor .elementor-drop-cap-letter{display:inline-block}<\/style>\t\t\t\t<!-- wp:paragraph -->\n<p>Fra visjon til realitet, veien fra varebil til campervan tar lang tid n\u00e5r det er to naive tullinger som ikke vet halvparten av hva de holder p\u00e5 med bak rattet! Vi dokumenterer fremgangen p\u00e5 bilen her og h\u00e5per at med litt hjelp, smarte l\u00f8sninger, litt inspirasjon og god arbeidsvilje s\u00e5 kommer vi p\u00e5 veien til h\u00f8sten!<\/p>\n<!-- \/wp:paragraph -->\n\n<!-- wp:spacer {\"height\":\"143px\"} -->\n<div style=\"height:143px\" aria-hidden=\"true\" class=\"wp-block-spacer\"><\/div>\n<!-- \/wp:spacer -->\n\n<!-- wp:image {\"id\":85,\"width\":\"542px\",\"height\":\"auto\",\"sizeSlug\":\"large\",\"linkDestination\":\"none\",\"align\":\"left\"} -->\n<figure class=\"wp-block-image alignleft size-large is-resized\"><img fetchpriority=\"high\" decoding=\"async\" width=\"769\" height=\"1024\" src=\"http:\/\/olliefans.no\/wp-content\/uploads\/2024\/05\/PXL_20240320_153332302.MP_-769x1024.jpg\" alt=\"\" class=\"wp-image-85\" style=\"width:542px;height:auto\" srcset=\"https:\/\/olliefans.no\/wp-content\/uploads\/2024\/05\/PXL_20240320_153332302.MP_-769x1024.jpg 769w, https:\/\/olliefans.no\/wp-content\/uploads\/2024\/05\/PXL_20240320_153332302.MP_-225x300.jpg 225w, https:\/\/olliefans.no\/wp-content\/uploads\/2024\/05\/PXL_20240320_153332302.MP_-768x1023.jpg 768w, https:\/\/olliefans.no\/wp-content\/uploads\/2024\/05\/PXL_20240320_153332302.MP_-1153x1536.jpg 1153w, https:\/\/olliefans.no\/wp-content\/uploads\/2024\/05\/PXL_20240320_153332302.MP_-1538x2048.jpg 1538w, https:\/\/olliefans.no\/wp-content\/uploads\/2024\/05\/PXL_20240320_153332302.MP_-scaled.jpg 1922w\" sizes=\"(max-width: 769px) 100vw, 769px\" \/><\/figure>\n<!-- \/wp:image -->\n\n<!-- wp:details -->\n<details class=\"wp-block-details\"><summary>20.03.24<\/summary><!-- wp:paragraph {\"placeholder\":\"Skriv \/ for \u00e5 legge til skjult blokk\"} -->\n<p>F\u00f8rste dag med arbeid i bilen! Ollie st\u00e5r n\u00e5 p\u00e5 verksted og venter p\u00e5 deler, men n\u00e5 m\u00e5tte vi komme i gang! Vi har tenkt mye p\u00e5 hvordan det skal se ut bak, og fors\u00f8ker n\u00e5 \u00e5 visualisere det litt. <\/p>\n<!-- \/wp:paragraph --><\/details>\n<!-- \/wp:details -->\t\t\t\t\t\t<\/div>\n\t\t\t\t<\/div>\n\t\t\t\t<div class=\"elementor-element elementor-element-e1f8c21 elementor-position-top elementor-widget elementor-widget-image-box\" data-id=\"e1f8c21\" data-element_type=\"widget\" data-widget_type=\"image-box.default\">\n\t\t\t\t<div class=\"elementor-widget-container\">\n\t\t\t<style>\/*! elementor - v3.23.0 - 05-08-2024 *\/\n.elementor-widget-image-box .elementor-image-box-content{width:100%}@media (min-width:768px){.elementor-widget-image-box.elementor-position-left .elementor-image-box-wrapper,.elementor-widget-image-box.elementor-position-right .elementor-image-box-wrapper{display:flex}.elementor-widget-image-box.elementor-position-right .elementor-image-box-wrapper{text-align:end;flex-direction:row-reverse}.elementor-widget-image-box.elementor-position-left .elementor-image-box-wrapper{text-align:start;flex-direction:row}.elementor-widget-image-box.elementor-position-top .elementor-image-box-img{margin:auto}.elementor-widget-image-box.elementor-vertical-align-top .elementor-image-box-wrapper{align-items:flex-start}.elementor-widget-image-box.elementor-vertical-align-middle .elementor-image-box-wrapper{align-items:center}.elementor-widget-image-box.elementor-vertical-align-bottom .elementor-image-box-wrapper{align-items:flex-end}}@media (max-width:767px){.elementor-widget-image-box .elementor-image-box-img{margin-left:auto!important;margin-right:auto!important;margin-bottom:15px}}.elementor-widget-image-box .elementor-image-box-img{display:inline-block}.elementor-widget-image-box .elementor-image-box-title a{color:inherit}.elementor-widget-image-box .elementor-image-box-wrapper{text-align:center}.elementor-widget-image-box .elementor-image-box-description{margin:0}<\/style><div class=\"elementor-image-box-wrapper\"><figure class=\"elementor-image-box-img\"><img decoding=\"async\" width=\"1922\" height=\"2560\" src=\"https:\/\/olliefans.no\/wp-content\/uploads\/2024\/10\/PXL_20240823_191820770.MP_-scaled.jpg\" class=\"attachment-full size-full wp-image-129\" alt=\"\" srcset=\"https:\/\/olliefans.no\/wp-content\/uploads\/2024\/10\/PXL_20240823_191820770.MP_-scaled.jpg 1922w, https:\/\/olliefans.no\/wp-content\/uploads\/2024\/10\/PXL_20240823_191820770.MP_-225x300.jpg 225w, https:\/\/olliefans.no\/wp-content\/uploads\/2024\/10\/PXL_20240823_191820770.MP_-769x1024.jpg 769w, https:\/\/olliefans.no\/wp-content\/uploads\/2024\/10\/PXL_20240823_191820770.MP_-768x1023.jpg 768w, https:\/\/olliefans.no\/wp-content\/uploads\/2024\/10\/PXL_20240823_191820770.MP_-1153x1536.jpg 1153w, https:\/\/olliefans.no\/wp-content\/uploads\/2024\/10\/PXL_20240823_191820770.MP_-1538x2048.jpg 1538w\" sizes=\"(max-width: 1922px) 100vw, 1922px\" \/><\/figure><div class=\"elementor-image-box-content\"><h3 class=\"elementor-image-box-title\">Enden p\u00e5 visa!<\/h3><p class=\"elementor-image-box-description\">N\u00e5 kan vi begynne \u00e5 lukte m\u00e5lstreken. Fantastisk \u00e5 kunne se noe som kan ligne p\u00e5 et endelig sluttprodukt,<\/p><\/div><\/div>\t\t<\/div>\n\t\t\t\t<\/div>\n\t\t\t\t\t<\/div>\n\t\t\t\t<\/div>\n\t\t\t\t<\/div>\n\t\t","protected":false},"excerpt":{"rendered":"<p>Fra visjon til realitet, veien fra varebil til campervan tar lang tid n\u00e5r det er to naive tullinger som ikke vet halvparten av hva de holder p\u00e5 med bak rattet! Vi dokumenterer fremgangen p\u00e5 bilen her og h\u00e5per at med litt hjelp, smarte l\u00f8sninger, litt inspirasjon og god arbeidsvilje s\u00e5 kommer vi p\u00e5 veien til [&hellip;]<\/p>\n","protected":false},"author":1,"featured_media":82,"parent":0,"menu_order":0,"comment_status":"closed","ping_status":"closed","template":"","meta":{"footnotes":""},"class_list":["post-10","page","type-page","status-publish","has-post-thumbnail","hentry"],"_links":{"self":[{"href":"https:\/\/olliefans.no\/index.php?rest_route=\/wp\/v2\/pages\/10","targetHints":{"allow":["GET"]}}],"collection":[{"href":"https:\/\/olliefans.no\/index.php?rest_route=\/wp\/v2\/pages"}],"about":[{"href":"https:\/\/olliefans.no\/index.php?rest_route=\/wp\/v2\/types\/page"}],"author":[{"embeddable":true,"href":"https:\/\/olliefans.no\/index.php?rest_route=\/wp\/v2\/users\/1"}],"replies":[{"embeddable":true,"href":"https:\/\/olliefans.no\/index.php?rest_route=%2Fwp%2Fv2%2Fcomments&post=10"}],"version-history":[{"count":8,"href":"https:\/\/olliefans.no\/index.php?rest_route=\/wp\/v2\/pages\/10\/revisions"}],"predecessor-version":[{"id":132,"href":"https:\/\/olliefans.no\/index.php?rest_route=\/wp\/v2\/pages\/10\/revisions\/132"}],"wp:featuredmedia":[{"embeddable":true,"href":"https:\/\/olliefans.no\/index.php?rest_route=\/wp\/v2\/media\/82"}],"wp:attachment":[{"href":"https:\/\/olliefans.no\/index.php?rest_route=%2Fwp%2Fv2%2Fmedia&parent=10"}],"curies":[{"name":"wp","href":"https:\/\/api.w.org\/{rel}","templated":true}]}}